{"id":3321,"date":"2026-02-17T12:50:16","date_gmt":"2026-02-17T15:50:16","guid":{"rendered":"https:\/\/escuelaprodigy.com\/?page_id=3321"},"modified":"2026-02-17T13:06:10","modified_gmt":"2026-02-17T16:06:10","slug":"cursos-de-robotica-en-cipolletti","status":"publish","type":"page","link":"https:\/\/escuelaprodigy.com\/index.php\/cursos-de-robotica-en-cipolletti\/","title":{"rendered":"Cursos de Rob\u00f3tica en Cipolletti"},"content":{"rendered":"\t\t<div data-elementor-type=\"wp-page\" data-elementor-id=\"3321\" class=\"elementor elementor-3321\" data-elementor-post-type=\"page\">\n\t\t\t\t\t\t<section class=\"elementor-section elementor-top-section elementor-element elementor-element-8ed3264 elementor-section-content-middle elementor-section-boxed elementor-section-height-default elementor-section-height-default\" data-id=\"8ed3264\" data-element_type=\"section\" data-settings=\"{&quot;background_background&quot;:&quot;classic&quot;,&quot;shape_divider_bottom&quot;:&quot;waves&quot;}\">\n\t\t\t\t\t\t\t<div class=\"elementor-background-overlay\"><\/div>\n\t\t\t\t\t\t<div class=\"elementor-shape elementor-shape-bottom\" aria-hidden=\"true\" data-negative=\"false\">\n\t\t\t<svg xmlns=\"http:\/\/www.w3.org\/2000\/svg\" viewBox=\"0 0 1000 100\" preserveAspectRatio=\"none\">\n\t<path class=\"elementor-shape-fill\" d=\"M421.9,6.5c22.6-2.5,51.5,0.4,75.5,5.3c23.6,4.9,70.9,23.5,100.5,35.7c75.8,32.2,133.7,44.5,192.6,49.7\n\tc23.6,2.1,48.7,3.5,103.4-2.5c54.7-6,106.2-25.6,106.2-25.6V0H0v30.3c0,0,72,32.6,158.4,30.5c39.2-0.7,92.8-6.7,134-22.4\n\tc21.2-8.1,52.2-18.2,79.7-24.2C399.3,7.9,411.6,7.5,421.9,6.5z\"\/>\n<\/svg>\t\t<\/div>\n\t\t\t\t\t<div class=\"elementor-container elementor-column-gap-default\">\n\t\t\t\t\t<div class=\"elementor-column elementor-col-100 elementor-top-column elementor-element elementor-element-1e8bbcf\" data-id=\"1e8bbcf\" data-element_type=\"column\">\n\t\t\t<div class=\"elementor-widget-wrap elementor-element-populated\">\n\t\t\t\t\t\t<div class=\"elementor-element elementor-element-0f07d46 elementor-widget__width-initial elementor-widget-mobile__width-initial elementor-widget elementor-widget-heading\" data-id=\"0f07d46\" data-element_type=\"widget\" data-widget_type=\"heading.default\">\n\t\t\t\t<div class=\"elementor-widget-container\">\n\t\t\t\t\t<h1 class=\"elementor-heading-title elementor-size-default\">Cursos disponibles en Cipolletti<\/h1>\t\t\t\t<\/div>\n\t\t\t\t<\/div>\n\t\t\t\t<div class=\"elementor-element elementor-element-722b99e elementor-widget elementor-widget-image\" data-id=\"722b99e\" data-element_type=\"widget\" data-widget_type=\"image.default\">\n\t\t\t\t<div class=\"elementor-widget-container\">\n\t\t\t\t\t\t\t\t\t\t\t\t\t\t\t<img decoding=\"async\" width=\"118\" height=\"17\" src=\"https:\/\/escuelaprodigy.com\/wp-content\/uploads\/2018\/04\/divider-02-free-img.png\" class=\"attachment-full size-full wp-image-99\" alt=\"Divider\" \/>\t\t\t\t\t\t\t\t\t\t\t\t\t\t\t<\/div>\n\t\t\t\t<\/div>\n\t\t\t\t\t<\/div>\n\t\t<\/div>\n\t\t\t\t\t<\/div>\n\t\t<\/section>\n\t\t\t\t<section class=\"elementor-section elementor-top-section elementor-element elementor-element-c520f07 elementor-section-boxed elementor-section-height-default elementor-section-height-default\" data-id=\"c520f07\" data-element_type=\"section\">\n\t\t\t\t\t\t<div class=\"elementor-container elementor-column-gap-no\">\n\t\t\t\t\t<div class=\"elementor-column elementor-col-100 elementor-top-column elementor-element elementor-element-4e98194\" data-id=\"4e98194\" data-element_type=\"column\">\n\t\t\t<div class=\"elementor-widget-wrap elementor-element-populated\">\n\t\t\t\t\t\t<div class=\"elementor-element elementor-element-33135e8 elementor-widget-tablet__width-initial elementor-widget elementor-widget-heading\" data-id=\"33135e8\" data-element_type=\"widget\" data-widget_type=\"heading.default\">\n\t\t\t\t<div class=\"elementor-widget-container\">\n\t\t\t\t\t<h2 class=\"elementor-heading-title elementor-size-default\">Descubre los cursos disponibles para este 2026<\/h2>\t\t\t\t<\/div>\n\t\t\t\t<\/div>\n\t\t\t\t<div class=\"elementor-element elementor-element-06c0298 elementor-widget-tablet__width-initial elementor-widget elementor-widget-heading\" data-id=\"06c0298\" data-element_type=\"widget\" data-widget_type=\"heading.default\">\n\t\t\t\t<div class=\"elementor-widget-container\">\n\t\t\t\t\t<h2 class=\"elementor-heading-title elementor-size-default\">En nuestra sede en Cipolletti<\/h2>\t\t\t\t<\/div>\n\t\t\t\t<\/div>\n\t\t<div class=\"elementor-element elementor-element-903e496 e-con-full e-flex e-con e-parent\" data-id=\"903e496\" data-element_type=\"container\">\n\t\t<div class=\"elementor-element elementor-element-af3b263 e-con-full e-flex e-con e-child\" data-id=\"af3b263\" data-element_type=\"container\">\n\t\t\t\t<div class=\"elementor-element elementor-element-17ce01c elementor-widget__width-initial elementor-widget elementor-widget-image\" data-id=\"17ce01c\" data-element_type=\"widget\" data-widget_type=\"image.default\">\n\t\t\t\t<div class=\"elementor-widget-container\">\n\t\t\t\t\t\t\t\t\t\t\t\t\t\t\t<img fetchpriority=\"high\" decoding=\"async\" width=\"2560\" height=\"1707\" src=\"https:\/\/escuelaprodigy.com\/wp-content\/uploads\/2025\/02\/pexels-vanessa-loring-7869040-scaled.jpg\" class=\"attachment-full size-full wp-image-2392\" alt=\"\" srcset=\"https:\/\/escuelaprodigy.com\/wp-content\/uploads\/2025\/02\/pexels-vanessa-loring-7869040-scaled.jpg 2560w, https:\/\/escuelaprodigy.com\/wp-content\/uploads\/2025\/02\/pexels-vanessa-loring-7869040-300x200.jpg 300w, https:\/\/escuelaprodigy.com\/wp-content\/uploads\/2025\/02\/pexels-vanessa-loring-7869040-1024x683.jpg 1024w, https:\/\/escuelaprodigy.com\/wp-content\/uploads\/2025\/02\/pexels-vanessa-loring-7869040-768x512.jpg 768w, https:\/\/escuelaprodigy.com\/wp-content\/uploads\/2025\/02\/pexels-vanessa-loring-7869040-1536x1024.jpg 1536w, https:\/\/escuelaprodigy.com\/wp-content\/uploads\/2025\/02\/pexels-vanessa-loring-7869040-2048x1365.jpg 2048w, https:\/\/escuelaprodigy.com\/wp-content\/uploads\/2025\/02\/pexels-vanessa-loring-7869040-100x67.jpg 100w\" sizes=\"(max-width: 2560px) 100vw, 2560px\" \/>\t\t\t\t\t\t\t\t\t\t\t\t\t\t\t<\/div>\n\t\t\t\t<\/div>\n\t\t\t\t<div class=\"elementor-element elementor-element-d0c9850 elementor-widget elementor-widget-heading\" data-id=\"d0c9850\" data-element_type=\"widget\" data-widget_type=\"heading.default\">\n\t\t\t\t<div class=\"elementor-widget-container\">\n\t\t\t\t\t<h4 class=\"elementor-heading-title elementor-size-default\">Rob\u00f3tica y Programaci\u00f3n Infantil<\/h4>\t\t\t\t<\/div>\n\t\t\t\t<\/div>\n\t\t\t\t<div class=\"elementor-element elementor-element-bc59392 elementor-widget elementor-widget-heading\" data-id=\"bc59392\" data-element_type=\"widget\" data-widget_type=\"heading.default\">\n\t\t\t\t<div class=\"elementor-widget-container\">\n\t\t\t\t\t<h5 class=\"elementor-heading-title elementor-size-default\">Grupos: 5-7 y 8-10 a\u00f1os<\/h5>\t\t\t\t<\/div>\n\t\t\t\t<\/div>\n\t\t\t\t<div class=\"elementor-element elementor-element-7611429 elementor-widget elementor-widget-text-editor\" data-id=\"7611429\" data-element_type=\"widget\" data-widget_type=\"text-editor.default\">\n\t\t\t\t<div class=\"elementor-widget-container\">\n\t\t\t\t\t\t\t\t\t<p>Crearemos proyectos divertidos utilizando motores, luces, interruptores, pulsadores, etc. Aprenderemos conceptos b\u00e1sicos de electr\u00f3nica, rob\u00f3tica y l\u00f3gica de programaci\u00f3n jugando y utilizando scratch.<\/p>\t\t\t\t\t\t\t\t<\/div>\n\t\t\t\t<\/div>\n\t\t\t\t<div class=\"elementor-element elementor-element-5fbf1b4 elementor-align-left elementor-tablet-align-left elementor-mobile-align-center elementor-widget elementor-widget-button\" data-id=\"5fbf1b4\" data-element_type=\"widget\" data-widget_type=\"button.default\">\n\t\t\t\t<div class=\"elementor-widget-container\">\n\t\t\t\t\t\t\t\t\t<div class=\"elementor-button-wrapper\">\n\t\t\t\t\t<a class=\"elementor-button elementor-button-link elementor-size-lg\" href=\"https:\/\/escuelaprodigy.com\/index.php\/curso-de-robotica-infantil-en-cipolletti\/\">\n\t\t\t\t\t\t<span class=\"elementor-button-content-wrapper\">\n\t\t\t\t\t\t\t\t\t<span class=\"elementor-button-text\">Ver mas<\/span>\n\t\t\t\t\t<\/span>\n\t\t\t\t\t<\/a>\n\t\t\t\t<\/div>\n\t\t\t\t\t\t\t\t<\/div>\n\t\t\t\t<\/div>\n\t\t\t\t<\/div>\n\t\t<div class=\"elementor-element elementor-element-bdfc64b e-con-full e-flex e-con e-child\" data-id=\"bdfc64b\" data-element_type=\"container\">\n\t\t\t\t<div class=\"elementor-element elementor-element-c613dfd elementor-widget elementor-widget-image\" data-id=\"c613dfd\" data-element_type=\"widget\" data-widget_type=\"image.default\">\n\t\t\t\t<div class=\"elementor-widget-container\">\n\t\t\t\t\t\t\t\t\t\t\t\t\t\t\t<img decoding=\"async\" width=\"2560\" height=\"1441\" src=\"https:\/\/escuelaprodigy.com\/wp-content\/uploads\/2024\/02\/arduino-placa-scaled.jpg\" class=\"attachment-full size-full wp-image-381\" alt=\"\" srcset=\"https:\/\/escuelaprodigy.com\/wp-content\/uploads\/2024\/02\/arduino-placa-scaled.jpg 2560w, https:\/\/escuelaprodigy.com\/wp-content\/uploads\/2024\/02\/arduino-placa-300x169.jpg 300w, https:\/\/escuelaprodigy.com\/wp-content\/uploads\/2024\/02\/arduino-placa-1024x576.jpg 1024w, https:\/\/escuelaprodigy.com\/wp-content\/uploads\/2024\/02\/arduino-placa-768x432.jpg 768w, https:\/\/escuelaprodigy.com\/wp-content\/uploads\/2024\/02\/arduino-placa-1536x864.jpg 1536w, https:\/\/escuelaprodigy.com\/wp-content\/uploads\/2024\/02\/arduino-placa-2048x1152.jpg 2048w\" sizes=\"(max-width: 2560px) 100vw, 2560px\" \/>\t\t\t\t\t\t\t\t\t\t\t\t\t\t\t<\/div>\n\t\t\t\t<\/div>\n\t\t\t\t<div class=\"elementor-element elementor-element-dc9c51f elementor-widget elementor-widget-heading\" data-id=\"dc9c51f\" data-element_type=\"widget\" data-widget_type=\"heading.default\">\n\t\t\t\t<div class=\"elementor-widget-container\">\n\t\t\t\t\t<h4 class=\"elementor-heading-title elementor-size-default\">Rob\u00f3tica y Programaci\u00f3n Juvenil<\/h4>\t\t\t\t<\/div>\n\t\t\t\t<\/div>\n\t\t\t\t<div class=\"elementor-element elementor-element-ef172c0 elementor-widget elementor-widget-heading\" data-id=\"ef172c0\" data-element_type=\"widget\" data-widget_type=\"heading.default\">\n\t\t\t\t<div class=\"elementor-widget-container\">\n\t\t\t\t\t<h5 class=\"elementor-heading-title elementor-size-default\">Grupos: 11-14 y 15 a 18 a\u00f1os<\/h5>\t\t\t\t<\/div>\n\t\t\t\t<\/div>\n\t\t\t\t<div class=\"elementor-element elementor-element-ae3a9ca elementor-widget elementor-widget-text-editor\" data-id=\"ae3a9ca\" data-element_type=\"widget\" data-widget_type=\"text-editor.default\">\n\t\t\t\t<div class=\"elementor-widget-container\">\n\t\t\t\t\t\t\t\t\t<p>Nos adentraremos en los principios de la electr\u00f3nica, programaci\u00f3n e impresi\u00f3n 3d para armar diversos proyectos con arduino. Entenderemos el funcionamientos de los componentes mas utilizados y aprenderemos a manipular herramientas b\u00e1sicas de electr\u00f3nica.<\/p>\t\t\t\t\t\t\t\t<\/div>\n\t\t\t\t<\/div>\n\t\t\t\t<div class=\"elementor-element elementor-element-c1173d9 elementor-align-left elementor-tablet-align-left elementor-mobile-align-center elementor-widget elementor-widget-button\" data-id=\"c1173d9\" data-element_type=\"widget\" data-widget_type=\"button.default\">\n\t\t\t\t<div class=\"elementor-widget-container\">\n\t\t\t\t\t\t\t\t\t<div class=\"elementor-button-wrapper\">\n\t\t\t\t\t<a class=\"elementor-button elementor-button-link elementor-size-lg\" href=\"https:\/\/escuelaprodigy.com\/index.php\/curso-de-robotica-juvenil-en-cipolletti\/\">\n\t\t\t\t\t\t<span class=\"elementor-button-content-wrapper\">\n\t\t\t\t\t\t\t\t\t<span class=\"elementor-button-text\">ver mas<\/span>\n\t\t\t\t\t<\/span>\n\t\t\t\t\t<\/a>\n\t\t\t\t<\/div>\n\t\t\t\t\t\t\t\t<\/div>\n\t\t\t\t<\/div>\n\t\t\t\t<\/div>\n\t\t\t\t<\/div>\n\t\t\t\t\t<\/div>\n\t\t<\/div>\n\t\t\t\t\t<\/div>\n\t\t<\/section>\n\t\t\t\t<\/div>\n\t\t","protected":false},"excerpt":{"rendered":"<p>Cursos disponibles en Cipolletti Descubre los cursos disponibles para este 2026 En nuestra sede en Cipolletti Rob\u00f3tica y Programaci\u00f3n Infantil Grupos: 5-7 y 8-10 a\u00f1os Crearemos proyectos divertidos utilizando motores, luces, interruptores, pulsadores, etc. Aprenderemos conceptos b\u00e1sicos de electr\u00f3nica, rob\u00f3tica y l\u00f3gica de programaci\u00f3n jugando y utilizando scratch. Ver mas Rob\u00f3tica y Programaci\u00f3n Juvenil Grupos: [&hellip;]<\/p>\n","protected":false},"author":1,"featured_media":0,"parent":0,"menu_order":0,"comment_status":"closed","ping_status":"closed","template":"","meta":{"site-sidebar-layout":"no-sidebar","site-content-layout":"page-builder","ast-site-content-layout":"full-width-container","site-content-style":"default","site-sidebar-style":"default","ast-global-header-display":"","ast-banner-title-visibility":"","ast-main-header-display":"","ast-hfb-above-header-display":"","ast-hfb-below-header-display":"","ast-hfb-mobile-header-display":"","site-post-title":"disabled","ast-breadcrumbs-content":"","ast-featured-img":"disabled","footer-sml-layout":"","theme-transparent-header-meta":"","adv-header-id-meta":"","stick-header-meta":"","header-above-stick-meta":"","header-main-stick-meta":"","header-below-stick-meta":"","astra-migrate-meta-layouts":"set","ast-page-background-enabled":"default","ast-page-background-meta":{"desktop":{"background-color":"","background-image":"","background-repeat":"repeat","background-position":"center center","background-size":"auto","background-attachment":"scroll","background-type":"","background-media":"","overlay-type":"","overlay-color":"","overlay-gradient":""},"tablet":{"background-color":"","background-image":"","background-repeat":"repeat","background-position":"center center","background-size":"auto","background-attachment":"scroll","background-type":"","background-media":"","overlay-type":"","overlay-color":"","overlay-gradient":""},"mobile":{"background-color":"","background-image":"","background-repeat":"repeat","background-position":"center center","background-size":"auto","background-attachment":"scroll","background-type":"","background-media":"","overlay-type":"","overlay-color":"","overlay-gradient":""}},"ast-content-background-meta":{"desktop":{"background-color":"var(--ast-global-color-5)","background-image":"","background-repeat":"repeat","background-position":"center center","background-size":"auto","background-attachment":"scroll","background-type":"","background-media":"","overlay-type":"","overlay-color":"","overlay-gradient":""},"tablet":{"background-color":"var(--ast-global-color-5)","background-image":"","background-repeat":"repeat","background-position":"center center","background-size":"auto","background-attachment":"scroll","background-type":"","background-media":"","overlay-type":"","overlay-color":"","overlay-gradient":""},"mobile":{"background-color":"var(--ast-global-color-5)","background-image":"","background-repeat":"repeat","background-position":"center center","background-size":"auto","background-attachment":"scroll","background-type":"","background-media":"","overlay-type":"","overlay-color":"","overlay-gradient":""}},"footnotes":""},"class_list":["post-3321","page","type-page","status-publish","hentry"],"_links":{"self":[{"href":"https:\/\/escuelaprodigy.com\/index.php\/wp-json\/wp\/v2\/pages\/3321","targetHints":{"allow":["GET"]}}],"collection":[{"href":"https:\/\/escuelaprodigy.com\/index.php\/wp-json\/wp\/v2\/pages"}],"about":[{"href":"https:\/\/escuelaprodigy.com\/index.php\/wp-json\/wp\/v2\/types\/page"}],"author":[{"embeddable":true,"href":"https:\/\/escuelaprodigy.com\/index.php\/wp-json\/wp\/v2\/users\/1"}],"replies":[{"embeddable":true,"href":"https:\/\/escuelaprodigy.com\/index.php\/wp-json\/wp\/v2\/comments?post=3321"}],"version-history":[{"count":19,"href":"https:\/\/escuelaprodigy.com\/index.php\/wp-json\/wp\/v2\/pages\/3321\/revisions"}],"predecessor-version":[{"id":3360,"href":"https:\/\/escuelaprodigy.com\/index.php\/wp-json\/wp\/v2\/pages\/3321\/revisions\/3360"}],"wp:attachment":[{"href":"https:\/\/escuelaprodigy.com\/index.php\/wp-json\/wp\/v2\/media?parent=3321"}],"curies":[{"name":"wp","href":"https:\/\/api.w.org\/{rel}","templated":true}]}}