{"id":3409,"date":"2026-02-17T13:48:41","date_gmt":"2026-02-17T16:48:41","guid":{"rendered":"https:\/\/escuelaprodigy.com\/?page_id=3409"},"modified":"2026-02-17T13:50:23","modified_gmt":"2026-02-17T16:50:23","slug":"cursos-de-robotica-en-plottier","status":"publish","type":"page","link":"https:\/\/escuelaprodigy.com\/index.php\/cursos-de-robotica-en-plottier\/","title":{"rendered":"Cursos de Rob\u00f3tica en Plottier"},"content":{"rendered":"\t\t<div data-elementor-type=\"wp-page\" data-elementor-id=\"3409\" class=\"elementor elementor-3409\" data-elementor-post-type=\"page\">\n\t\t\t\t\t\t<section class=\"elementor-section elementor-top-section elementor-element elementor-element-bede925 elementor-section-content-middle elementor-section-boxed elementor-section-height-default elementor-section-height-default\" data-id=\"bede925\" data-element_type=\"section\" data-settings=\"{&quot;background_background&quot;:&quot;classic&quot;,&quot;shape_divider_bottom&quot;:&quot;waves&quot;}\">\n\t\t\t\t\t\t\t<div class=\"elementor-background-overlay\"><\/div>\n\t\t\t\t\t\t<div class=\"elementor-shape elementor-shape-bottom\" aria-hidden=\"true\" data-negative=\"false\">\n\t\t\t<svg xmlns=\"http:\/\/www.w3.org\/2000\/svg\" viewBox=\"0 0 1000 100\" preserveAspectRatio=\"none\">\n\t<path class=\"elementor-shape-fill\" d=\"M421.9,6.5c22.6-2.5,51.5,0.4,75.5,5.3c23.6,4.9,70.9,23.5,100.5,35.7c75.8,32.2,133.7,44.5,192.6,49.7\n\tc23.6,2.1,48.7,3.5,103.4-2.5c54.7-6,106.2-25.6,106.2-25.6V0H0v30.3c0,0,72,32.6,158.4,30.5c39.2-0.7,92.8-6.7,134-22.4\n\tc21.2-8.1,52.2-18.2,79.7-24.2C399.3,7.9,411.6,7.5,421.9,6.5z\"\/>\n<\/svg>\t\t<\/div>\n\t\t\t\t\t<div class=\"elementor-container elementor-column-gap-default\">\n\t\t\t\t\t<div class=\"elementor-column elementor-col-100 elementor-top-column elementor-element elementor-element-4ab10a5\" data-id=\"4ab10a5\" data-element_type=\"column\">\n\t\t\t<div class=\"elementor-widget-wrap elementor-element-populated\">\n\t\t\t\t\t\t<div class=\"elementor-element elementor-element-22c4e85 elementor-widget__width-initial elementor-widget-mobile__width-initial elementor-widget elementor-widget-heading\" data-id=\"22c4e85\" data-element_type=\"widget\" data-widget_type=\"heading.default\">\n\t\t\t\t<div class=\"elementor-widget-container\">\n\t\t\t\t\t<h1 class=\"elementor-heading-title elementor-size-default\">Cursos disponibles en Plottier<\/h1>\t\t\t\t<\/div>\n\t\t\t\t<\/div>\n\t\t\t\t<div class=\"elementor-element elementor-element-39b3168 elementor-widget elementor-widget-image\" data-id=\"39b3168\" data-element_type=\"widget\" data-widget_type=\"image.default\">\n\t\t\t\t<div class=\"elementor-widget-container\">\n\t\t\t\t\t\t\t\t\t\t\t\t\t\t\t<img decoding=\"async\" width=\"118\" height=\"17\" src=\"https:\/\/escuelaprodigy.com\/wp-content\/uploads\/2018\/04\/divider-02-free-img.png\" class=\"attachment-full size-full wp-image-99\" alt=\"Divider\" \/>\t\t\t\t\t\t\t\t\t\t\t\t\t\t\t<\/div>\n\t\t\t\t<\/div>\n\t\t\t\t\t<\/div>\n\t\t<\/div>\n\t\t\t\t\t<\/div>\n\t\t<\/section>\n\t\t\t\t<section class=\"elementor-section elementor-top-section elementor-element elementor-element-3c7a2bf elementor-section-boxed elementor-section-height-default elementor-section-height-default\" data-id=\"3c7a2bf\" data-element_type=\"section\">\n\t\t\t\t\t\t<div class=\"elementor-container elementor-column-gap-no\">\n\t\t\t\t\t<div class=\"elementor-column elementor-col-100 elementor-top-column elementor-element elementor-element-42406af\" data-id=\"42406af\" data-element_type=\"column\">\n\t\t\t<div class=\"elementor-widget-wrap elementor-element-populated\">\n\t\t\t\t\t\t<div class=\"elementor-element elementor-element-06e9e32 elementor-widget-tablet__width-initial elementor-widget elementor-widget-heading\" data-id=\"06e9e32\" data-element_type=\"widget\" data-widget_type=\"heading.default\">\n\t\t\t\t<div class=\"elementor-widget-container\">\n\t\t\t\t\t<h2 class=\"elementor-heading-title elementor-size-default\">Descubre los cursos disponibles para este 2026<\/h2>\t\t\t\t<\/div>\n\t\t\t\t<\/div>\n\t\t\t\t<div class=\"elementor-element elementor-element-c19695d elementor-widget-tablet__width-initial elementor-widget elementor-widget-heading\" data-id=\"c19695d\" data-element_type=\"widget\" data-widget_type=\"heading.default\">\n\t\t\t\t<div class=\"elementor-widget-container\">\n\t\t\t\t\t<h2 class=\"elementor-heading-title elementor-size-default\">En nuestra sede en Plottier<\/h2>\t\t\t\t<\/div>\n\t\t\t\t<\/div>\n\t\t<div class=\"elementor-element elementor-element-24ad930 e-con-full e-flex e-con e-parent\" data-id=\"24ad930\" data-element_type=\"container\">\n\t\t<div class=\"elementor-element elementor-element-3183c22 e-con-full e-flex e-con e-child\" data-id=\"3183c22\" data-element_type=\"container\">\n\t\t\t\t<div class=\"elementor-element elementor-element-069a851 elementor-widget__width-initial elementor-widget elementor-widget-image\" data-id=\"069a851\" data-element_type=\"widget\" data-widget_type=\"image.default\">\n\t\t\t\t<div class=\"elementor-widget-container\">\n\t\t\t\t\t\t\t\t\t\t\t\t\t\t\t<img fetchpriority=\"high\" decoding=\"async\" width=\"2560\" height=\"1707\" src=\"https:\/\/escuelaprodigy.com\/wp-content\/uploads\/2025\/02\/pexels-vanessa-loring-7869040-scaled.jpg\" class=\"attachment-full size-full wp-image-2392\" alt=\"\" srcset=\"https:\/\/escuelaprodigy.com\/wp-content\/uploads\/2025\/02\/pexels-vanessa-loring-7869040-scaled.jpg 2560w, https:\/\/escuelaprodigy.com\/wp-content\/uploads\/2025\/02\/pexels-vanessa-loring-7869040-300x200.jpg 300w, https:\/\/escuelaprodigy.com\/wp-content\/uploads\/2025\/02\/pexels-vanessa-loring-7869040-1024x683.jpg 1024w, https:\/\/escuelaprodigy.com\/wp-content\/uploads\/2025\/02\/pexels-vanessa-loring-7869040-768x512.jpg 768w, https:\/\/escuelaprodigy.com\/wp-content\/uploads\/2025\/02\/pexels-vanessa-loring-7869040-1536x1024.jpg 1536w, https:\/\/escuelaprodigy.com\/wp-content\/uploads\/2025\/02\/pexels-vanessa-loring-7869040-2048x1365.jpg 2048w, https:\/\/escuelaprodigy.com\/wp-content\/uploads\/2025\/02\/pexels-vanessa-loring-7869040-100x67.jpg 100w\" sizes=\"(max-width: 2560px) 100vw, 2560px\" \/>\t\t\t\t\t\t\t\t\t\t\t\t\t\t\t<\/div>\n\t\t\t\t<\/div>\n\t\t\t\t<div class=\"elementor-element elementor-element-9904ce4 elementor-widget elementor-widget-heading\" data-id=\"9904ce4\" data-element_type=\"widget\" data-widget_type=\"heading.default\">\n\t\t\t\t<div class=\"elementor-widget-container\">\n\t\t\t\t\t<h4 class=\"elementor-heading-title elementor-size-default\">Rob\u00f3tica y Programaci\u00f3n Infantil<\/h4>\t\t\t\t<\/div>\n\t\t\t\t<\/div>\n\t\t\t\t<div class=\"elementor-element elementor-element-df6cb74 elementor-widget elementor-widget-heading\" data-id=\"df6cb74\" data-element_type=\"widget\" data-widget_type=\"heading.default\">\n\t\t\t\t<div class=\"elementor-widget-container\">\n\t\t\t\t\t<h5 class=\"elementor-heading-title elementor-size-default\">Grupos: 5-7 y 8-10 a\u00f1os<\/h5>\t\t\t\t<\/div>\n\t\t\t\t<\/div>\n\t\t\t\t<div class=\"elementor-element elementor-element-62f7114 elementor-widget elementor-widget-text-editor\" data-id=\"62f7114\" data-element_type=\"widget\" data-widget_type=\"text-editor.default\">\n\t\t\t\t<div class=\"elementor-widget-container\">\n\t\t\t\t\t\t\t\t\t<p>Crearemos proyectos divertidos utilizando motores, luces, interruptores, pulsadores, etc. Aprenderemos conceptos b\u00e1sicos de electr\u00f3nica, rob\u00f3tica y l\u00f3gica de programaci\u00f3n jugando y utilizando scratch.<\/p>\t\t\t\t\t\t\t\t<\/div>\n\t\t\t\t<\/div>\n\t\t\t\t<div class=\"elementor-element elementor-element-d832a60 elementor-align-left elementor-tablet-align-left elementor-mobile-align-center elementor-widget elementor-widget-button\" data-id=\"d832a60\" data-element_type=\"widget\" data-widget_type=\"button.default\">\n\t\t\t\t<div class=\"elementor-widget-container\">\n\t\t\t\t\t\t\t\t\t<div class=\"elementor-button-wrapper\">\n\t\t\t\t\t<a class=\"elementor-button elementor-button-link elementor-size-lg\" href=\"https:\/\/escuelaprodigy.com\/index.php\/curso-de-robotica-infantil-en-plottier\/\">\n\t\t\t\t\t\t<span class=\"elementor-button-content-wrapper\">\n\t\t\t\t\t\t\t\t\t<span class=\"elementor-button-text\">Ver mas<\/span>\n\t\t\t\t\t<\/span>\n\t\t\t\t\t<\/a>\n\t\t\t\t<\/div>\n\t\t\t\t\t\t\t\t<\/div>\n\t\t\t\t<\/div>\n\t\t\t\t<\/div>\n\t\t<div class=\"elementor-element elementor-element-cb478ff e-con-full e-flex e-con e-child\" data-id=\"cb478ff\" data-element_type=\"container\">\n\t\t\t\t<div class=\"elementor-element elementor-element-b9e718f elementor-widget elementor-widget-image\" data-id=\"b9e718f\" data-element_type=\"widget\" data-widget_type=\"image.default\">\n\t\t\t\t<div class=\"elementor-widget-container\">\n\t\t\t\t\t\t\t\t\t\t\t\t\t\t\t<img decoding=\"async\" width=\"2560\" height=\"1441\" src=\"https:\/\/escuelaprodigy.com\/wp-content\/uploads\/2024\/02\/arduino-placa-scaled.jpg\" class=\"attachment-full size-full wp-image-381\" alt=\"\" srcset=\"https:\/\/escuelaprodigy.com\/wp-content\/uploads\/2024\/02\/arduino-placa-scaled.jpg 2560w, https:\/\/escuelaprodigy.com\/wp-content\/uploads\/2024\/02\/arduino-placa-300x169.jpg 300w, https:\/\/escuelaprodigy.com\/wp-content\/uploads\/2024\/02\/arduino-placa-1024x576.jpg 1024w, https:\/\/escuelaprodigy.com\/wp-content\/uploads\/2024\/02\/arduino-placa-768x432.jpg 768w, https:\/\/escuelaprodigy.com\/wp-content\/uploads\/2024\/02\/arduino-placa-1536x864.jpg 1536w, https:\/\/escuelaprodigy.com\/wp-content\/uploads\/2024\/02\/arduino-placa-2048x1152.jpg 2048w\" sizes=\"(max-width: 2560px) 100vw, 2560px\" \/>\t\t\t\t\t\t\t\t\t\t\t\t\t\t\t<\/div>\n\t\t\t\t<\/div>\n\t\t\t\t<div class=\"elementor-element elementor-element-efbe719 elementor-widget elementor-widget-heading\" data-id=\"efbe719\" data-element_type=\"widget\" data-widget_type=\"heading.default\">\n\t\t\t\t<div class=\"elementor-widget-container\">\n\t\t\t\t\t<h4 class=\"elementor-heading-title elementor-size-default\">Rob\u00f3tica y Programaci\u00f3n Juvenil<\/h4>\t\t\t\t<\/div>\n\t\t\t\t<\/div>\n\t\t\t\t<div class=\"elementor-element elementor-element-db53c1c elementor-widget elementor-widget-heading\" data-id=\"db53c1c\" data-element_type=\"widget\" data-widget_type=\"heading.default\">\n\t\t\t\t<div class=\"elementor-widget-container\">\n\t\t\t\t\t<h5 class=\"elementor-heading-title elementor-size-default\">Grupos: 11-14 y 15 a 18 a\u00f1os<\/h5>\t\t\t\t<\/div>\n\t\t\t\t<\/div>\n\t\t\t\t<div class=\"elementor-element elementor-element-796833b elementor-widget elementor-widget-text-editor\" data-id=\"796833b\" data-element_type=\"widget\" data-widget_type=\"text-editor.default\">\n\t\t\t\t<div class=\"elementor-widget-container\">\n\t\t\t\t\t\t\t\t\t<p>Nos adentraremos en los principios de la electr\u00f3nica, programaci\u00f3n e impresi\u00f3n 3d para armar diversos proyectos con arduino. Entenderemos el funcionamientos de los componentes mas utilizados y aprenderemos a manipular herramientas b\u00e1sicas de electr\u00f3nica.<\/p>\t\t\t\t\t\t\t\t<\/div>\n\t\t\t\t<\/div>\n\t\t\t\t<div class=\"elementor-element elementor-element-87e5d7b elementor-align-left elementor-tablet-align-left elementor-mobile-align-center elementor-widget elementor-widget-button\" data-id=\"87e5d7b\" data-element_type=\"widget\" data-widget_type=\"button.default\">\n\t\t\t\t<div class=\"elementor-widget-container\">\n\t\t\t\t\t\t\t\t\t<div class=\"elementor-button-wrapper\">\n\t\t\t\t\t<a class=\"elementor-button elementor-button-link elementor-size-lg\" href=\"https:\/\/escuelaprodigy.com\/index.php\/curso-de-robotica-juvenil-en-plottier\/\">\n\t\t\t\t\t\t<span class=\"elementor-button-content-wrapper\">\n\t\t\t\t\t\t\t\t\t<span class=\"elementor-button-text\">ver mas<\/span>\n\t\t\t\t\t<\/span>\n\t\t\t\t\t<\/a>\n\t\t\t\t<\/div>\n\t\t\t\t\t\t\t\t<\/div>\n\t\t\t\t<\/div>\n\t\t\t\t<\/div>\n\t\t\t\t<\/div>\n\t\t\t\t\t<\/div>\n\t\t<\/div>\n\t\t\t\t\t<\/div>\n\t\t<\/section>\n\t\t\t\t<\/div>\n\t\t","protected":false},"excerpt":{"rendered":"<p>Cursos disponibles en Plottier Descubre los cursos disponibles para este 2026 En nuestra sede en Plottier Rob\u00f3tica y Programaci\u00f3n Infantil Grupos: 5-7 y 8-10 a\u00f1os Crearemos proyectos divertidos utilizando motores, luces, interruptores, pulsadores, etc. Aprenderemos conceptos b\u00e1sicos de electr\u00f3nica, rob\u00f3tica y l\u00f3gica de programaci\u00f3n jugando y utilizando scratch. Ver mas Rob\u00f3tica y Programaci\u00f3n Juvenil Grupos: [&hellip;]<\/p>\n","protected":false},"author":1,"featured_media":0,"parent":0,"menu_order":0,"comment_status":"closed","ping_status":"closed","template":"","meta":{"site-sidebar-layout":"no-sidebar","site-content-layout":"page-builder","ast-site-content-layout":"full-width-container","site-content-style":"default","site-sidebar-style":"default","ast-global-header-display":"","ast-banner-title-visibility":"","ast-main-header-display":"","ast-hfb-above-header-display":"","ast-hfb-below-header-display":"","ast-hfb-mobile-header-display":"","site-post-title":"disabled","ast-breadcrumbs-content":"","ast-featured-img":"disabled","footer-sml-layout":"","theme-transparent-header-meta":"","adv-header-id-meta":"","stick-header-meta":"","header-above-stick-meta":"","header-main-stick-meta":"","header-below-stick-meta":"","astra-migrate-meta-layouts":"set","ast-page-background-enabled":"default","ast-page-background-meta":{"desktop":{"background-color":"","background-image":"","background-repeat":"repeat","background-position":"center center","background-size":"auto","background-attachment":"scroll","background-type":"","background-media":"","overlay-type":"","overlay-color":"","overlay-gradient":""},"tablet":{"background-color":"","background-image":"","background-repeat":"repeat","background-position":"center center","background-size":"auto","background-attachment":"scroll","background-type":"","background-media":"","overlay-type":"","overlay-color":"","overlay-gradient":""},"mobile":{"background-color":"","background-image":"","background-repeat":"repeat","background-position":"center center","background-size":"auto","background-attachment":"scroll","background-type":"","background-media":"","overlay-type":"","overlay-color":"","overlay-gradient":""}},"ast-content-background-meta":{"desktop":{"background-color":"var(--ast-global-color-5)","background-image":"","background-repeat":"repeat","background-position":"center center","background-size":"auto","background-attachment":"scroll","background-type":"","background-media":"","overlay-type":"","overlay-color":"","overlay-gradient":""},"tablet":{"background-color":"var(--ast-global-color-5)","background-image":"","background-repeat":"repeat","background-position":"center center","background-size":"auto","background-attachment":"scroll","background-type":"","background-media":"","overlay-type":"","overlay-color":"","overlay-gradient":""},"mobile":{"background-color":"var(--ast-global-color-5)","background-image":"","background-repeat":"repeat","background-position":"center center","background-size":"auto","background-attachment":"scroll","background-type":"","background-media":"","overlay-type":"","overlay-color":"","overlay-gradient":""}},"footnotes":""},"class_list":["post-3409","page","type-page","status-publish","hentry"],"_links":{"self":[{"href":"https:\/\/escuelaprodigy.com\/index.php\/wp-json\/wp\/v2\/pages\/3409","targetHints":{"allow":["GET"]}}],"collection":[{"href":"https:\/\/escuelaprodigy.com\/index.php\/wp-json\/wp\/v2\/pages"}],"about":[{"href":"https:\/\/escuelaprodigy.com\/index.php\/wp-json\/wp\/v2\/types\/page"}],"author":[{"embeddable":true,"href":"https:\/\/escuelaprodigy.com\/index.php\/wp-json\/wp\/v2\/users\/1"}],"replies":[{"embeddable":true,"href":"https:\/\/escuelaprodigy.com\/index.php\/wp-json\/wp\/v2\/comments?post=3409"}],"version-history":[{"count":4,"href":"https:\/\/escuelaprodigy.com\/index.php\/wp-json\/wp\/v2\/pages\/3409\/revisions"}],"predecessor-version":[{"id":3414,"href":"https:\/\/escuelaprodigy.com\/index.php\/wp-json\/wp\/v2\/pages\/3409\/revisions\/3414"}],"wp:attachment":[{"href":"https:\/\/escuelaprodigy.com\/index.php\/wp-json\/wp\/v2\/media?parent=3409"}],"curies":[{"name":"wp","href":"https:\/\/api.w.org\/{rel}","templated":true}]}}